{"id":24,"date":"2016-02-12T08:13:06","date_gmt":"2016-02-12T08:13:06","guid":{"rendered":"http:\/\/demos.famethemes.com\/onepress\/?page_id=24"},"modified":"2019-09-04T18:19:05","modified_gmt":"2019-09-04T16:19:05","slug":"service-title-2","status":"publish","type":"page","link":"https:\/\/gslezajsk.pl\/?page_id=24","title":{"rendered":"Piekarnia"},"content":{"rendered":"<p>W naszej ofercie znajdziecie Pa\u0144stwo pe\u0142ny wyb\u00f3r pieczywa zar\u00f3wno pakowanego jak i niepakownego, dro\u017cd\u017c\u00f3wki, p\u0105czki, bu\u0142ki s\u0142odkie, ciasta i ciasteczka. Wykonujemy r\u00f3wnie\u017c <strong>nietypowe zam\u00f3wienia<\/strong>, dostosowuj\u0105c technologi\u0119 i termin wykonania do \u017cyczenia klienta. Nasz zak\u0142ad pracuje w systemie ci\u0105g\u0142ym &#8211;\u00a06\u00a0dni w\u00a0tygodniu.<\/p>\n<p>Dzi\u0119ki wykwalifikowanej kadrze w ci\u0105gu doby wypiekamy \u015brednio 3 tony r\u00f3\u017cnego rodzaju produkt\u00f3w. Niezmiennie od lat nasze produkty odznaczaj\u0105 si\u0119 wysok\u0105 jako\u015bci\u0105 oraz doskona\u0142ymi walorami smakowymi.<\/p>\n<p>Stale obserwujemy rynek, by m\u00f3c jak najszybciej dostosowa\u0107 si\u0119 do zmieniaj\u0105cych si\u0119 trend\u00f3w i potrzeb konsument\u00f3w. W dobie wzrastaj\u0105cych wymaga\u0144 nie mo\u017cemy sobie pozwoli\u0107 na \u017cadne niedoci\u0105gni\u0119cia, dlatego tak wiele uwagi przywi\u0105zujemy do <strong>wysokiej jako\u015bci<\/strong> oferowanych przez nas produkt\u00f3w.<\/p>\n","protected":false},"excerpt":{"rendered":"<p>Maszyny budowlane<\/p>\n","protected":false},"author":2,"featured_media":0,"parent":0,"menu_order":0,"comment_status":"closed","ping_status":"closed","template":"","meta":{"footnotes":""},"class_list":["post-24","page","type-page","status-publish","hentry"],"_links":{"self":[{"href":"https:\/\/gslezajsk.pl\/index.php?rest_route=\/wp\/v2\/pages\/24","targetHints":{"allow":["GET"]}}],"collection":[{"href":"https:\/\/gslezajsk.pl\/index.php?rest_route=\/wp\/v2\/pages"}],"about":[{"href":"https:\/\/gslezajsk.pl\/index.php?rest_route=\/wp\/v2\/types\/page"}],"author":[{"embeddable":true,"href":"https:\/\/gslezajsk.pl\/index.php?rest_route=\/wp\/v2\/users\/2"}],"replies":[{"embeddable":true,"href":"https:\/\/gslezajsk.pl\/index.php?rest_route=%2Fwp%2Fv2%2Fcomments&post=24"}],"version-history":[{"count":3,"href":"https:\/\/gslezajsk.pl\/index.php?rest_route=\/wp\/v2\/pages\/24\/revisions"}],"predecessor-version":[{"id":1644,"href":"https:\/\/gslezajsk.pl\/index.php?rest_route=\/wp\/v2\/pages\/24\/revisions\/1644"}],"wp:attachment":[{"href":"https:\/\/gslezajsk.pl\/index.php?rest_route=%2Fwp%2Fv2%2Fmedia&parent=24"}],"curies":[{"name":"wp","href":"https:\/\/api.w.org\/{rel}","templated":true}]}}